{"id":671,"date":"2022-01-18T13:48:32","date_gmt":"2022-01-18T12:48:32","guid":{"rendered":"https:\/\/wowgolf.es\/politica-de-cookies"},"modified":"2022-03-24T12:01:00","modified_gmt":"2022-03-24T11:01:00","slug":"cookies-policy","status":"publish","type":"page","link":"https:\/\/wowgolf.es\/en\/cookies-policy","title":{"rendered":"Cookies Policy"},"content":{"rendered":"\n<p><style>a.cky-banner-element {padding: 8px 30px;background: #F8F9FA;color: #858A8F;border: 1px solid #DEE2E6;box-sizing: border-box;border-radius: 2px;cursor: pointer;<br \/>\n}<br \/>\n<\/style><\/p>\n<h1 class=\"cookie-policy-h1\">Pol\u00edtica de Cookies<\/h1>\n<p>Fecha efectiva: 15-Marzo-2022 <br \/>\u00daltima actualizaci\u00f3n: 1-Marzo-2022<\/p>\n<p>\u00a0<\/p>\n<h5>\u00bfQu\u00e9 son las cookies?<\/h5>\n<p>Esta Pol\u00edtica de cookies explica qu\u00e9 son las cookies y c\u00f3mo las usamos, los tipos de cookies que usamos, es decir, la informaci\u00f3n que recopilamos usando cookies y c\u00f3mo se usa esa informaci\u00f3n, y c\u00f3mo administrar la configuraci\u00f3n de cookies.<\/p>\n<p>Las cookies son peque\u00f1os archivos de texto que se utilizan para almacenar peque\u00f1os fragmentos de informaci\u00f3n. Se almacenan en su dispositivo cuando el sitio web se carga en su navegador. Estas cookies nos ayudan a hacer que el sitio web funcione correctamente, hacerlo m\u00e1s seguro, brindar una mejor experiencia al usuario, comprender c\u00f3mo funciona el sitio web y analizar qu\u00e9 funciona y d\u00f3nde necesita mejorar.<\/p>\n<h5>\u00bfC\u00f3mo usamos las cookies?<\/h5>\n<p>Como la mayor\u00eda de los servicios en l\u00ednea, nuestro sitio web utiliza cookies propias y de terceros para varios prop\u00f3sitos. Las cookies de origen son principalmente necesarias para que el sitio web funcione correctamente y no recopilan ninguno de sus datos de identificaci\u00f3n personal.<\/p>\n<p>Las cookies de terceros que se utilizan en nuestro sitio web son principalmente para comprender c\u00f3mo funciona el sitio web, c\u00f3mo interact\u00faa con nuestro sitio web, mantener nuestros servicios seguros, proporcionar anuncios que sean relevantes para usted y, en general, brindarle una mejor y una experiencia de usuario mejorada y ayudar a acelerar sus interacciones futuras con nuestro sitio web.<\/p>\n<h5>Tipos de Cookies que usamos<\/h5>\n<div class=\"cky-audit-table-element\">\u00a0<\/div>\n<h5 style=\"margin-bottom: 20px;\">Gestionar preferencias de cookies<\/h5>\n<p class=\"cookie-policy-p\"><a class=\"cky-banner-element\">Ajustes de Cookies<\/a><\/p>\n<p>Puede cambiar sus preferencias de cookies en cualquier momento haciendo clic en el bot\u00f3n de arriba. Esto le permitir\u00e1 volver a visitar el banner de consentimiento de cookies y cambiar sus preferencias o retirar su consentimiento de inmediato.<\/p>\n<p>Adem\u00e1s de esto, los diferentes navegadores proporcionan diferentes m\u00e9todos para bloquear y eliminar las cookies utilizadas por los sitios web. Puede cambiar la configuraci\u00f3n de su navegador para bloquear \/ eliminar las cookies. A continuaci\u00f3n se enumeran los enlaces a los documentos de soporte sobre c\u00f3mo administrar y eliminar las cookies de los principales navegadores web.<\/p>\n<ul>\n<li>Chrome: <a href=\"https:\/\/support.google.com\/accounts\/answer\/32050\" target=\"_blank\" rel=\"noopener noreferrer\">https:\/\/support.google.com\/accounts\/answer\/32050<\/a><\/li>\n<li>Safari: <a href=\"https:\/\/support.apple.com\/en-in\/guide\/safari\/sfri11471\/mac\" target=\"_blank\" rel=\"noopener noreferrer\">https:\/\/support.apple.com\/en-in\/guide\/safari\/sfri11471\/mac<\/a><\/li>\n<li>Firefox: <a href=\"https:\/\/support.mozilla.org\/en-US\/kb\/clear-cookies-and-site-data-firefox?redirectslug=delete-cookies-remove-info-websites-stored&amp;redirectlocale=en-US\" target=\"_blank\" rel=\"noopener noreferrer\">https:\/\/support.mozilla.org\/en-US\/kb\/clear-cookies-and-site-data-firefox?redirectslug=delete-cookies-remove-info-websites-stored&amp;redirectlocale=en-US<\/a><\/li>\n<li>Internet Explorer: <a href=\"https:\/\/support.microsoft.com\/en-us\/topic\/how-to-delete-cookie-files-in-internet-explorer-bca9446f-d873-78de-77ba-d42645fa52fc\" target=\"_blank\" rel=\"noopener noreferrer\">https:\/\/support.microsoft.com\/en-us\/topic\/how-to-delete-cookie-files-in-internet-explorer-bca9446f-d873-78de-77ba-d42645fa52fc<\/a><\/li>\n<\/ul>\n<p>Si est\u00e1 utilizando cualquier otro navegador web, visite los documentos de soporte oficiales de su navegador.<\/p>\n<p>\u00a0<\/p>\n<p>\u00a0<\/p>\n\n","protected":false},"excerpt":{"rendered":"","protected":false},"author":2,"featured_media":0,"parent":0,"menu_order":0,"comment_status":"closed","ping_status":"closed","template":"","meta":{"_acf_changed":false,"inline_featured_image":false,"footnotes":""},"class_list":["post-671","page","type-page","status-publish","hentry"],"acf":[],"aioseo_notices":[],"_links":{"self":[{"href":"https:\/\/wowgolf.es\/en\/wp-json\/wp\/v2\/pages\/671","targetHints":{"allow":["GET"]}}],"collection":[{"href":"https:\/\/wowgolf.es\/en\/wp-json\/wp\/v2\/pages"}],"about":[{"href":"https:\/\/wowgolf.es\/en\/wp-json\/wp\/v2\/types\/page"}],"author":[{"embeddable":true,"href":"https:\/\/wowgolf.es\/en\/wp-json\/wp\/v2\/users\/2"}],"replies":[{"embeddable":true,"href":"https:\/\/wowgolf.es\/en\/wp-json\/wp\/v2\/comments?post=671"}],"version-history":[{"count":1,"href":"https:\/\/wowgolf.es\/en\/wp-json\/wp\/v2\/pages\/671\/revisions"}],"predecessor-version":[{"id":677,"href":"https:\/\/wowgolf.es\/en\/wp-json\/wp\/v2\/pages\/671\/revisions\/677"}],"wp:attachment":[{"href":"https:\/\/wowgolf.es\/en\/wp-json\/wp\/v2\/media?parent=671"}],"curies":[{"name":"wp","href":"https:\/\/api.w.org\/{rel}","templated":true}]}}